{"id":2950,"date":"2023-01-12T17:29:41","date_gmt":"2023-01-12T16:29:41","guid":{"rendered":"https:\/\/gaudeixsantanyi.com\/?page_id=2950"},"modified":"2026-01-22T17:08:59","modified_gmt":"2026-01-22T16:08:59","slug":"contacto","status":"publish","type":"page","link":"https:\/\/gaudeixsantanyi.com\/es\/contacto\/","title":{"rendered":"Contacto"},"content":{"rendered":"<div class=\"fusion-fullwidth fullwidth-box fusion-builder-row-1 fusion-flex-container has-pattern-background has-mask-background nonhundred-percent-fullwidth non-hundred-percent-height-scrolling\" style=\"background-color: var(--awb-color6);background-position: center center;background-repeat: no-repeat;border-width: 0px 0px 0px 0px;border-color:#eae9e9;border-style:solid;\" ><div class=\"fusion-builder-row fusion-row fusion-flex-align-items-flex-start\" style=\"max-width:1144px;margin-left: calc(-4% \/ 2 );margin-right: calc(-4% \/ 2 );\"><div class=\"fusion-layout-column fusion_builder_column fusion-builder-column-0 fusion_builder_column_1_2 1_2 fusion-flex-column\"><div class=\"fusion-column-wrapper fusion-flex-justify-content-flex-start fusion-content-layout-column\" style=\"background-position:left top;background-repeat:no-repeat;-webkit-background-size:cover;-moz-background-size:cover;-o-background-size:cover;background-size:cover;padding: 0px 0px 0px 0px;\"><div class=\"fusion-text fusion-text-1\" style=\"font-size:45px;color:var(--awb-color1);\"><p>Contacta con nosotros<\/p>\n<\/div><div class=\"fusion-text fusion-text-2\" style=\"color:var(--awb-color1);\"><p>Si tienes alguna duda ponte en contacto con nosotros a trav\u00e9s del formulario que le mostramos a continuaci\u00f3n o el n\u00famero de tel\u00e9fono <span style=\"color: #ffffff;\"><strong><a style=\"color: #ffffff;\" href=\"tel:871 520 072\" target=\"_blank\" rel=\"noopener\">871 520 072<\/a><\/strong><\/span><\/p>\n<\/div><div class=\"fusion-builder-row fusion-builder-row-inner fusion-row fusion-flex-align-items-flex-start\" style=\"width:104% !important;max-width:104% !important;margin-left: calc(-4% \/ 2 );margin-right: calc(-4% \/ 2 );\"><div class=\"fusion-layout-column fusion_builder_column_inner fusion-builder-nested-column-0 fusion_builder_column_inner_1_1 1_1 fusion-flex-column\"><div class=\"fusion-column-wrapper fusion-flex-justify-content-space-between fusion-content-layout-column\" style=\"background-position:left top;background-repeat:no-repeat;-webkit-background-size:cover;-moz-background-size:cover;-o-background-size:cover;background-size:cover;border-radius:20px 20px 20px 20px;background-color:var(--awb-color7);border-radius:20px 20px 20px 20px;overflow:hidden;padding: 16px 24px 24px 24px;\"><div class=\"fusion-countdown fusion-countdown-1 fusion-countdown-stacked fusion-countdown-label-bottom fusion-no-bg\"><div class=\"fusion-countdown-wrapper\"><style type=\"text\/css\">.fusion-countdown-1 {background-color:rgba(255,255,255,0);margin-bottom:10px;}.fusion-countdown-1 .fusion-dash-wrapper{padding:12px;}.fusion-countdown-1 .fusion-countdown-counter-wrapper{margin:0 calc(7.5px - 12px);font-size:45px;color:#ffffff;}.fusion-countdown-1 .fusion-dash{background-color:#1c1c1c;padding:12px 20px 12px 20px;border-radius:12px;}.fusion-countdown-1 .fusion-dash.fusion-dash{border:0px solid #1d242d;}.fusion-countdown-1 .fusion-dash-title{font-size:14px;color:#ffffff;}.fusion-countdown-1 .fusion-countdown-heading{font-size:19px;color:#c20d0d;}.fusion-countdown-1 .fusion-countdown-subheading{font-size:12px;color:rgba(255,255,255,0.67);}.fusion-countdown-1  .fusion-countdown-link{color:#ffffff;}<\/style><div class=\"fusion-countdown-counter-wrapper\" id=\"fusion-countdown-1\" style=\"flex-grow: 1;\" data-gmt-offset=\"2\" data-timer=\"2023-01-18-12-00-00\" data-omit-weeks=\"1\"><div class=\"fusion-dash-wrapper \"><div class=\"fusion-dash fusion-dash-days\"><div class=\"fusion-digit-wrapper\"><div class=\"fusion-thousand-digit fusion-digit\">0<\/div><div class=\"fusion-hundred-digit fusion-digit\">0<\/div><div class=\"fusion-digit\">0<\/div><div class=\"fusion-digit\">0<\/div><\/div><div class=\"fusion-dash-title\">D\u00edas<\/div><\/div><\/div><div class=\"fusion-dash-wrapper \"><div class=\"fusion-dash fusion-dash-hours\"><div class=\"fusion-digit-wrapper\"><div class=\"fusion-digit\">0<\/div><div class=\"fusion-digit\">0<\/div><\/div><div class=\"fusion-dash-title\">Horas<\/div><\/div><\/div><div class=\"fusion-dash-wrapper \"><div class=\"fusion-dash fusion-dash-minutes\"><div class=\"fusion-digit-wrapper\"><div class=\"fusion-digit\">0<\/div><div class=\"fusion-digit\">0<\/div><\/div><div class=\"fusion-dash-title\">Minutos<\/div><\/div><\/div><div class=\"fusion-dash-wrapper \"><div class=\"fusion-dash fusion-dash-seconds\"><div class=\"fusion-digit-wrapper\"><div class=\"fusion-digit\">0<\/div><div class=\"fusion-digit\">0<\/div><\/div><div class=\"fusion-dash-title\">Segundos<\/div><\/div><\/div><\/div><\/div><\/div><div class=\"sm-text-align-center\"><style>.fusion-body .fusion-button.button-1{border-radius:32px 32px 32px 32px;font-size:20px;line-height:1em;padding-top:16px;padding-right:24px;padding-bottom:16px;padding-left:24px;letter-spacing:1px;}.fusion-body .fusion-button.button-1 .fusion-button-text{text-transform:uppercase;}<\/style><a class=\"fusion-button button-flat fusion-button-default-size button-default button-1 fusion-button-span-yes fusion-button-default-type\" target=\"_self\" href=\"#\"><span class=\"fusion-button-text\">ADHERIR ESTABLECIMIENTO<\/span><\/a><\/div><\/div><style type=\"text\/css\">.fusion-body .fusion-builder-nested-column-0{width:100% !important;margin-top : 0px;margin-bottom : 0px;}.fusion-builder-nested-column-0 > .fusion-column-wrapper {padding-top : 16px !important;padding-right : 24px !important;margin-right : 1.92%;padding-bottom : 24px !important;padding-left : 24px !important;margin-left : 1.92%;}@media only screen and (max-width:1024px) {.fusion-body .fusion-builder-nested-column-0{width:80% !important;order : 0;}.fusion-builder-nested-column-0 > .fusion-column-wrapper {margin-right : 2.4%;margin-left : 2.4%;}}@media only screen and (max-width:640px) {.fusion-body .fusion-builder-nested-column-0{width:100% !important;order : 0;margin-top : 15px;margin-bottom : 15px;}.fusion-builder-nested-column-0 > .fusion-column-wrapper {margin-right : 1.92%;margin-left : 1.92%;}}<\/style><\/div><\/div><\/div><style type=\"text\/css\">.fusion-body .fusion-builder-column-0{width:50% !important;margin-top : 0px;margin-bottom : 0px;}.fusion-builder-column-0 > .fusion-column-wrapper {padding-top : 0px !important;padding-right : 0px !important;margin-right : 3.84%;padding-bottom : 0px !important;padding-left : 0px !important;margin-left : 3.84%;}@media only screen and (max-width:1024px) {.fusion-body .fusion-builder-column-0{width:100% !important;order : 0;}.fusion-builder-column-0 > .fusion-column-wrapper {margin-right : 1.92%;margin-left : 1.92%;}}@media only screen and (max-width:640px) {.fusion-body .fusion-builder-column-0{width:100% !important;order : 0;}.fusion-builder-column-0 > .fusion-column-wrapper {margin-right : 1.92%;margin-left : 1.92%;}}<\/style><\/div><div class=\"fusion-layout-column fusion_builder_column fusion-builder-column-1 fusion_builder_column_1_2 1_2 fusion-flex-column\"><div class=\"fusion-column-wrapper fusion-flex-justify-content-flex-start fusion-content-layout-column\" style=\"background-position:left top;background-repeat:no-repeat;-webkit-background-size:cover;-moz-background-size:cover;-o-background-size:cover;background-size:cover;border-radius:5px 5px 5px 5px;background-color:#ffffff;border-radius:5px 5px 5px 5px;overflow:hidden;padding: 35px 35px 35px 35px;\"><script src=\"https:\/\/js-eu1.hsforms.net\/forms\/embed\/147648698.js\" defer><\/script>\n<div class=\"hs-form-frame\" data-region=\"eu1\" data-form-id=\"691a6deb-c7a4-40b7-a872-d04d9733abe0\" data-portal-id=\"147648698\"><\/div><\/div><style type=\"text\/css\">.fusion-body .fusion-builder-column-1{width:50% !important;margin-top : 0px;margin-bottom : 0px;}.fusion-builder-column-1 > .fusion-column-wrapper {padding-top : 35px !important;padding-right : 35px !important;margin-right : 3.84%;padding-bottom : 35px !important;padding-left : 35px !important;margin-left : 3.84%;}@media only screen and (max-width:1024px) {.fusion-body .fusion-builder-column-1{width:100% !important;order : 0;}.fusion-builder-column-1 > .fusion-column-wrapper {margin-right : 1.92%;margin-left : 1.92%;}}@media only screen and (max-width:640px) {.fusion-body .fusion-builder-column-1{width:100% !important;order : 0;}.fusion-builder-column-1 > .fusion-column-wrapper {margin-right : 1.92%;margin-left : 1.92%;}}<\/style><\/div><\/div><style type=\"text\/css\">.fusion-body .fusion-flex-container.fusion-builder-row-1{ padding-top : 0px;margin-top : 0px;padding-right : 0px;padding-bottom : 35px;margin-bottom : 0px;padding-left : 0px;}<\/style><\/div>\n","protected":false},"excerpt":{"rendered":"","protected":false},"author":1,"featured_media":0,"parent":0,"menu_order":0,"comment_status":"closed","ping_status":"closed","template":"100-width.php","meta":{"_monsterinsights_skip_tracking":false,"_monsterinsights_sitenote_active":false,"_monsterinsights_sitenote_note":"","_monsterinsights_sitenote_category":0,"footnotes":""},"class_list":["post-2950","page","type-page","status-publish","hentry"],"yoast_head":"<!-- This site is optimized with the Yoast SEO plugin v27.4 - https:\/\/yoast.com\/product\/yoast-seo-wordpress\/ -->\n<title>Contacto<\/title>\n<meta name=\"description\" content=\"Si tienes alguna duda ponte en contacto con nosotros a trav\u00e9s del n\u00famero de tel\u00e9fono o el formulario que le mostramos...\" \/>\n<meta name=\"robots\" content=\"index, follow, max-snippet:-1, max-image-preview:large, max-video-preview:-1\" \/>\n<link rel=\"canonical\" href=\"https:\/\/gaudeixsantanyi.com\/es\/contacto\/\" \/>\n<meta property=\"og:locale\" content=\"es_ES\" \/>\n<meta property=\"og:type\" content=\"article\" \/>\n<meta property=\"og:title\" content=\"Contacto\" \/>\n<meta property=\"og:description\" content=\"Si tienes alguna duda ponte en contacto con nosotros a trav\u00e9s del n\u00famero de tel\u00e9fono o el formulario que le mostramos...\" \/>\n<meta property=\"og:url\" content=\"https:\/\/gaudeixsantanyi.com\/es\/contacto\/\" \/>\n<meta property=\"og:site_name\" content=\"Bons santayi\" \/>\n<meta property=\"article:modified_time\" content=\"2026-01-22T16:08:59+00:00\" \/>\n<meta name=\"twitter:card\" content=\"summary_large_image\" \/>\n<meta name=\"twitter:label1\" content=\"Tiempo de lectura\" \/>\n\t<meta name=\"twitter:data1\" content=\"3 minutos\" \/>\n<script type=\"application\/ld+json\" class=\"yoast-schema-graph\">{\"@context\":\"https:\\\/\\\/schema.org\",\"@graph\":[{\"@type\":\"WebPage\",\"@id\":\"https:\\\/\\\/gaudeixsantanyi.com\\\/es\\\/contacto\\\/\",\"url\":\"https:\\\/\\\/gaudeixsantanyi.com\\\/es\\\/contacto\\\/\",\"name\":\"Contacto\",\"isPartOf\":{\"@id\":\"https:\\\/\\\/gaudeixsantanyi.com\\\/es\\\/#website\"},\"datePublished\":\"2023-01-12T16:29:41+00:00\",\"dateModified\":\"2026-01-22T16:08:59+00:00\",\"description\":\"Si tienes alguna duda ponte en contacto con nosotros a trav\u00e9s del n\u00famero de tel\u00e9fono o el formulario que le mostramos...\",\"breadcrumb\":{\"@id\":\"https:\\\/\\\/gaudeixsantanyi.com\\\/es\\\/contacto\\\/#breadcrumb\"},\"inLanguage\":\"es\",\"potentialAction\":[{\"@type\":\"ReadAction\",\"target\":[\"https:\\\/\\\/gaudeixsantanyi.com\\\/es\\\/contacto\\\/\"]}]},{\"@type\":\"BreadcrumbList\",\"@id\":\"https:\\\/\\\/gaudeixsantanyi.com\\\/es\\\/contacto\\\/#breadcrumb\",\"itemListElement\":[{\"@type\":\"ListItem\",\"position\":1,\"name\":\"Portada\",\"item\":\"https:\\\/\\\/gaudeixsantanyi.com\\\/es\\\/\"},{\"@type\":\"ListItem\",\"position\":2,\"name\":\"Contacto\"}]},{\"@type\":\"WebSite\",\"@id\":\"https:\\\/\\\/gaudeixsantanyi.com\\\/es\\\/#website\",\"url\":\"https:\\\/\\\/gaudeixsantanyi.com\\\/es\\\/\",\"name\":\"Bons Santany\u00ed\",\"description\":\"\",\"publisher\":{\"@id\":\"https:\\\/\\\/gaudeixsantanyi.com\\\/es\\\/#organization\"},\"potentialAction\":[{\"@type\":\"SearchAction\",\"target\":{\"@type\":\"EntryPoint\",\"urlTemplate\":\"https:\\\/\\\/gaudeixsantanyi.com\\\/es\\\/?s={search_term_string}\"},\"query-input\":{\"@type\":\"PropertyValueSpecification\",\"valueRequired\":true,\"valueName\":\"search_term_string\"}}],\"inLanguage\":\"es\"},{\"@type\":\"Organization\",\"@id\":\"https:\\\/\\\/gaudeixsantanyi.com\\\/es\\\/#organization\",\"name\":\"Bons Santany\u00ed\",\"url\":\"https:\\\/\\\/gaudeixsantanyi.com\\\/es\\\/\",\"logo\":{\"@type\":\"ImageObject\",\"inLanguage\":\"es\",\"@id\":\"https:\\\/\\\/gaudeixsantanyi.com\\\/es\\\/#\\\/schema\\\/logo\\\/image\\\/\",\"url\":\"https:\\\/\\\/gaudeixsantanyi.com\\\/wp-content\\\/uploads\\\/2023\\\/01\\\/logox2-1.png\",\"contentUrl\":\"https:\\\/\\\/gaudeixsantanyi.com\\\/wp-content\\\/uploads\\\/2023\\\/01\\\/logox2-1.png\",\"width\":424,\"height\":240,\"caption\":\"Bons Santany\u00ed\"},\"image\":{\"@id\":\"https:\\\/\\\/gaudeixsantanyi.com\\\/es\\\/#\\\/schema\\\/logo\\\/image\\\/\"}}]}<\/script>\n<!-- \/ Yoast SEO plugin. -->","yoast_head_json":{"title":"Contacto","description":"Si tienes alguna duda ponte en contacto con nosotros a trav\u00e9s del n\u00famero de tel\u00e9fono o el formulario que le mostramos...","robots":{"index":"index","follow":"follow","max-snippet":"max-snippet:-1","max-image-preview":"max-image-preview:large","max-video-preview":"max-video-preview:-1"},"canonical":"https:\/\/gaudeixsantanyi.com\/es\/contacto\/","og_locale":"es_ES","og_type":"article","og_title":"Contacto","og_description":"Si tienes alguna duda ponte en contacto con nosotros a trav\u00e9s del n\u00famero de tel\u00e9fono o el formulario que le mostramos...","og_url":"https:\/\/gaudeixsantanyi.com\/es\/contacto\/","og_site_name":"Bons santayi","article_modified_time":"2026-01-22T16:08:59+00:00","twitter_card":"summary_large_image","twitter_misc":{"Tiempo de lectura":"3 minutos"},"schema":{"@context":"https:\/\/schema.org","@graph":[{"@type":"WebPage","@id":"https:\/\/gaudeixsantanyi.com\/es\/contacto\/","url":"https:\/\/gaudeixsantanyi.com\/es\/contacto\/","name":"Contacto","isPartOf":{"@id":"https:\/\/gaudeixsantanyi.com\/es\/#website"},"datePublished":"2023-01-12T16:29:41+00:00","dateModified":"2026-01-22T16:08:59+00:00","description":"Si tienes alguna duda ponte en contacto con nosotros a trav\u00e9s del n\u00famero de tel\u00e9fono o el formulario que le mostramos...","breadcrumb":{"@id":"https:\/\/gaudeixsantanyi.com\/es\/contacto\/#breadcrumb"},"inLanguage":"es","potentialAction":[{"@type":"ReadAction","target":["https:\/\/gaudeixsantanyi.com\/es\/contacto\/"]}]},{"@type":"BreadcrumbList","@id":"https:\/\/gaudeixsantanyi.com\/es\/contacto\/#breadcrumb","itemListElement":[{"@type":"ListItem","position":1,"name":"Portada","item":"https:\/\/gaudeixsantanyi.com\/es\/"},{"@type":"ListItem","position":2,"name":"Contacto"}]},{"@type":"WebSite","@id":"https:\/\/gaudeixsantanyi.com\/es\/#website","url":"https:\/\/gaudeixsantanyi.com\/es\/","name":"Bons Santany\u00ed","description":"","publisher":{"@id":"https:\/\/gaudeixsantanyi.com\/es\/#organization"},"potentialAction":[{"@type":"SearchAction","target":{"@type":"EntryPoint","urlTemplate":"https:\/\/gaudeixsantanyi.com\/es\/?s={search_term_string}"},"query-input":{"@type":"PropertyValueSpecification","valueRequired":true,"valueName":"search_term_string"}}],"inLanguage":"es"},{"@type":"Organization","@id":"https:\/\/gaudeixsantanyi.com\/es\/#organization","name":"Bons Santany\u00ed","url":"https:\/\/gaudeixsantanyi.com\/es\/","logo":{"@type":"ImageObject","inLanguage":"es","@id":"https:\/\/gaudeixsantanyi.com\/es\/#\/schema\/logo\/image\/","url":"https:\/\/gaudeixsantanyi.com\/wp-content\/uploads\/2023\/01\/logox2-1.png","contentUrl":"https:\/\/gaudeixsantanyi.com\/wp-content\/uploads\/2023\/01\/logox2-1.png","width":424,"height":240,"caption":"Bons Santany\u00ed"},"image":{"@id":"https:\/\/gaudeixsantanyi.com\/es\/#\/schema\/logo\/image\/"}}]}},"_links":{"self":[{"href":"https:\/\/gaudeixsantanyi.com\/es\/wp-json\/wp\/v2\/pages\/2950","targetHints":{"allow":["GET"]}}],"collection":[{"href":"https:\/\/gaudeixsantanyi.com\/es\/wp-json\/wp\/v2\/pages"}],"about":[{"href":"https:\/\/gaudeixsantanyi.com\/es\/wp-json\/wp\/v2\/types\/page"}],"author":[{"embeddable":true,"href":"https:\/\/gaudeixsantanyi.com\/es\/wp-json\/wp\/v2\/users\/1"}],"replies":[{"embeddable":true,"href":"https:\/\/gaudeixsantanyi.com\/es\/wp-json\/wp\/v2\/comments?post=2950"}],"version-history":[{"count":6,"href":"https:\/\/gaudeixsantanyi.com\/es\/wp-json\/wp\/v2\/pages\/2950\/revisions"}],"predecessor-version":[{"id":3282,"href":"https:\/\/gaudeixsantanyi.com\/es\/wp-json\/wp\/v2\/pages\/2950\/revisions\/3282"}],"wp:attachment":[{"href":"https:\/\/gaudeixsantanyi.com\/es\/wp-json\/wp\/v2\/media?parent=2950"}],"curies":[{"name":"wp","href":"https:\/\/api.w.org\/{rel}","templated":true}]}}